{"id":8,"date":"2019-08-10T23:07:22","date_gmt":"2019-08-10T23:07:22","guid":{"rendered":"http:\/\/127.0.0.1\/wordpress\/?page_id=8"},"modified":"2025-11-25T13:20:14","modified_gmt":"2025-11-25T13:20:14","slug":"meny","status":"publish","type":"page","link":"https:\/\/www.sorbon.se\/","title":{"rendered":"Meny"},"content":{"rendered":"\n<script>\n  window.chatbotConfig = {\n    websocketAddress: 'wss:\/\/nodecloud-rsr6.onrender.com\/ws\/sorbon', \/\/ Add your WebSocket address here\n    welcomeMessage: 'Hej \ud83d\udc4b Fr\u00e5ga oss om menyn. Skriv vad du vill \u00e4ta s\u00e5 f\u00f6resl\u00e5r vi n\u00e5got..',\n    thinkingMessage: 'T\u00e4nker...   ',\n    toggleButtonImage: '\/assets\/img\/chatbot_logo2.png',\n    position: 'bottom-right', \/\/ 'top-left', 'top-right', 'bottom-left', or 'bottom-right'\n    chatbotColor: '#2491f0' \/\/ #9fc0d2 lightgreyblue, #724ae8 purple, 84e1c7 light green, #dce9f7 light blue\n  };\n","protected":false},"excerpt":{"rendered":"<p>window.chatbotConfig = { websocketAddress: &#8216;wss:\/\/nodecloud-rsr6.onrender.com\/ws\/sorbon&#8217;, \/\/ Add your WebSocket address here welcomeMessage: &#8216;Hej \ud83d\udc4b Fr\u00e5ga oss om menyn. Skriv vad du vill \u00e4ta s\u00e5 f\u00f6resl\u00e5r vi n\u00e5got..&#8217;, thinkingMessage: &#8216;T\u00e4nker&#8230; &#8216;, toggleButtonImage: &#8216;\/assets\/img\/chatbot_logo2.png&#8217;, position: &#8216;bottom-right&#8217;, \/\/ &#8216;top-left&#8217;, &#8216;top-right&#8217;, &#8216;bottom-left&#8217;, or &#8216;bottom-right&#8217; chatbotColor: &#8216;#2491f0&#8217; \/\/ #9fc0d2 lightgreyblue, #724ae8 purple, 84e1c7 light green, #dce9f7 light blue };<\/p>\n","protected":false},"author":1,"featured_media":0,"parent":0,"menu_order":0,"comment_status":"closed","ping_status":"closed","template":"","meta":{"footnotes":""},"class_list":["post-8","page","type-page","status-publish","hentry","entry"],"_links":{"self":[{"href":"https:\/\/www.sorbon.se\/index.php?rest_route=\/wp\/v2\/pages\/8","targetHints":{"allow":["GET"]}}],"collection":[{"href":"https:\/\/www.sorbon.se\/index.php?rest_route=\/wp\/v2\/pages"}],"about":[{"href":"https:\/\/www.sorbon.se\/index.php?rest_route=\/wp\/v2\/types\/page"}],"author":[{"embeddable":true,"href":"https:\/\/www.sorbon.se\/index.php?rest_route=\/wp\/v2\/users\/1"}],"replies":[{"embeddable":true,"href":"https:\/\/www.sorbon.se\/index.php?rest_route=%2Fwp%2Fv2%2Fcomments&post=8"}],"version-history":[{"count":13,"href":"https:\/\/www.sorbon.se\/index.php?rest_route=\/wp\/v2\/pages\/8\/revisions"}],"predecessor-version":[{"id":3734,"href":"https:\/\/www.sorbon.se\/index.php?rest_route=\/wp\/v2\/pages\/8\/revisions\/3734"}],"wp:attachment":[{"href":"https:\/\/www.sorbon.se\/index.php?rest_route=%2Fwp%2Fv2%2Fmedia&parent=8"}],"curies":[{"name":"wp","href":"https:\/\/api.w.org\/{rel}","templated":true}]}}